{"id":2415,"date":"2025-09-06T14:26:10","date_gmt":"2025-09-06T14:26:10","guid":{"rendered":"https:\/\/mintcream-mandrill-832804.hostingersite.com\/?page_id=2415"},"modified":"2025-09-26T13:41:26","modified_gmt":"2025-09-26T13:41:26","slug":"artists","status":"publish","type":"page","link":"https:\/\/soleildart.com\/DroitdeRegard\/artists\/","title":{"rendered":"My Artists"},"content":{"rendered":"\t\t<div data-elementor-type=\"wp-page\" data-elementor-id=\"2415\" class=\"elementor elementor-2415\" data-elementor-post-type=\"page\">\n\t\t\t\t<div class=\"elementor-element elementor-element-491eb73 e-con-full e-flex e-con e-parent\" data-id=\"491eb73\" data-element_type=\"container\">\n\t\t<div class=\"elementor-element elementor-element-8690aa8 e-con-full e-flex e-con e-child\" data-id=\"8690aa8\" data-element_type=\"container\">\n\t\t\t\t<div class=\"elementor-element elementor-element-97465d9 elementor-widget elementor-widget-heading\" data-id=\"97465d9\" data-element_type=\"widget\" data-widget_type=\"heading.default\">\n\t\t\t\t\t<h2 class=\"elementor-heading-title elementor-size-default\">Les Artistes<\/h2>\t\t\t\t<\/div>\n\t\t\t\t<div class=\"elementor-element elementor-element-caa527b elementor-widget__width-initial elementor-widget elementor-widget-text-editor\" data-id=\"caa527b\" data-element_type=\"widget\" data-widget_type=\"text-editor.default\">\n\t\t\t\t\t\t\t\t\t<p>Chez nous, l\u2019art bat au rythme des talents <strong>iconiques<\/strong> et des <strong>p\u00e9pites \u00e9mergentes<\/strong>. Peinture, sculpture, \u2026 Notre s\u00e9lection d&rsquo;artistes, vous transporte \u00e0 travers des mouvements audacieux et reconnus.<br \/>Chaque \u0153uvre raconte une histoire, provoque une \u00e9motion, et s\u2019impose comme une pi\u00e8ce ma\u00eetresse pour votre collection.<\/p>\t\t\t\t\t\t\t\t<\/div>\n\t\t\t\t<\/div>\n\t\t\t\t<\/div>\n\t\t<div class=\"elementor-element elementor-element-1bacdb5 e-con-full e-flex e-con e-parent\" data-id=\"1bacdb5\" data-element_type=\"container\">\n\t\t\t\t<div class=\"elementor-element elementor-element-2cf0d86 elementor-widget elementor-widget-html\" data-id=\"2cf0d86\" data-element_type=\"widget\" data-widget_type=\"html.default\">\n\t\t\t\t\t<script>\n\n\n\n\n<\/script>\t\t\t\t<\/div>\n\t\t\t\t<div class=\"elementor-element elementor-element-e2d67d8 elementor-widget elementor-widget-shortcode\" data-id=\"e2d67d8\" data-element_type=\"widget\" data-widget_type=\"shortcode.default\">\n\t\t\t\t\t\t\t<div class=\"elementor-shortcode\">        <div class=\"asf-artists-wrapper\"\n             style=\"--artist-label-opacity: 0.35;\n                    --asf-cols-desktop: 4;\n                    --asf-cols-tablet:  3;\n                    --asf-cols-mobile: 1;\">\n            <div class=\"asf-controls-wrapper\">\n                <div class=\"asf-control-label\"><strong>TRIER PAR :<\/strong><\/div>\n\n                <div class=\"asf-control-item\">\n                    <button type=\"button\"\n                            class=\"asf-filter-btn msf-btn is-active\"\n                            data-filter-type=\"all\"\n                            aria-pressed=\"true\">\n                        A-Z ARTISTES                    <\/button>\n                <\/div>\n\n                <div class=\"asf-control-item\">\n                                            <div class=\"msf-form asf-style-dropdown\" data-open=\"false\">\n                            <button type=\"button\" class=\"msf-toggle msf-btn \" aria-haspopup=\"listbox\" aria-expanded=\"false\">\n                                <span class=\"msf-toggle-label\">Tous les styles<\/span>\n                                <span class=\"msf-caret\" aria-hidden=\"true\"><\/span>\n                            <\/button>\n                            <div class=\"msf-panel\" role=\"listbox\" aria-multiselectable=\"false\">\n                                <div class=\"msf-pills\">\n                                    <a class=\"msf-pill msf-pill--all is-current\"\n                                       href=\"\/DroitdeRegard\/wp-json\/wp\/v2\/pages\/2415\"\n                                       role=\"option\" aria-selected=\"true\">\n                                        Tous les styles                                    <\/a>\n                                                                            <a class=\"msf-pill\"\n                                           href=\"\/DroitdeRegard\/wp-json\/wp\/v2\/pages\/2415?style=abstraction\"\n                                           data-style=\"abstraction\"\n                                           role=\"option\" aria-selected=\"false\">\n                                            Abstraction                                        <\/a>\n                                                                            <a class=\"msf-pill\"\n                                           href=\"\/DroitdeRegard\/wp-json\/wp\/v2\/pages\/2415?style=coloriste\"\n                                           data-style=\"coloriste\"\n                                           role=\"option\" aria-selected=\"false\">\n                                            coloriste                                        <\/a>\n                                                                            <a class=\"msf-pill\"\n                                           href=\"\/DroitdeRegard\/wp-json\/wp\/v2\/pages\/2415?style=comic-art\"\n                                           data-style=\"comic-art\"\n                                           role=\"option\" aria-selected=\"false\">\n                                            Comic Art                                        <\/a>\n                                                                            <a class=\"msf-pill\"\n                                           href=\"\/DroitdeRegard\/wp-json\/wp\/v2\/pages\/2415?style=naratif\"\n                                           data-style=\"naratif\"\n                                           role=\"option\" aria-selected=\"false\">\n                                            Onirique                                        <\/a>\n                                                                            <a class=\"msf-pill\"\n                                           href=\"\/DroitdeRegard\/wp-json\/wp\/v2\/pages\/2415?style=pop-art\"\n                                           data-style=\"pop-art\"\n                                           role=\"option\" aria-selected=\"false\">\n                                            pop Art                                        <\/a>\n                                                                            <a class=\"msf-pill\"\n                                           href=\"\/DroitdeRegard\/wp-json\/wp\/v2\/pages\/2415?style=street-art\"\n                                           data-style=\"street-art\"\n                                           role=\"option\" aria-selected=\"false\">\n                                            Street Art                                        <\/a>\n                                                                            <a class=\"msf-pill\"\n                                           href=\"\/DroitdeRegard\/wp-json\/wp\/v2\/pages\/2415?style=surealisme\"\n                                           data-style=\"surealisme\"\n                                           role=\"option\" aria-selected=\"false\">\n                                            surr\u00e9alisme                                        <\/a>\n                                                                            <a class=\"msf-pill\"\n                                           href=\"\/DroitdeRegard\/wp-json\/wp\/v2\/pages\/2415?style=vibrationisme\"\n                                           data-style=\"vibrationisme\"\n                                           role=\"option\" aria-selected=\"false\">\n                                            vibrationisme                                        <\/a>\n                                                                    <\/div>\n                            <\/div>\n                        <\/div>\n                                    <\/div>\n\n                <div class=\"asf-control-item\">\n                    <button type=\"button\"\n                            class=\"asf-filter-btn msf-btn \"\n                            data-filter-type=\"type\"\n                            aria-pressed=\"false\">\n                        TYPE D'\u0152UVRE                    <\/button>\n                <\/div>\n            <\/div>\n\n            <div id=\"asf-results-container\" aria-live=\"polite\" aria-busy=\"false\">\n                <h2 class=\"asf-section-title asf-section-title--right\">Tous les Artistes<\/h2><div class=\"artists-grid\"><article class=\"artist-card\"><a class=\"artist-card__link\" href=\"https:\/\/soleildart.com\/DroitdeRegard\/artistes\/artero\/\"><div class=\"artist-card__thumb\"><img data-opt-id=1369899875  fetchpriority=\"high\" class=\"img-ref lws-optimize-lazyload\"  alt=\"ARTERO\" loading=\"lazy\" decoding=\"async\" \/ data-src=\"https:\/\/mlxksb6imcm7.i.optimole.com\/w:auto\/h:auto\/q:mauto\/ig:avif\/https:\/\/soleildart.com\/DroitdeRegard\/wp-content\/uploads\/2025\/08\/ARTERO-Evasion-100x100-1-scaled-1.jpg\"><img data-opt-id=940295600  fetchpriority=\"high\" class=\"img-face lws-optimize-lazyload\"  alt=\"\" loading=\"lazy\" decoding=\"async\" \/ data-src=\"https:\/\/mlxksb6imcm7.i.optimole.com\/w:auto\/h:auto\/q:mauto\/ig:avif\/https:\/\/soleildart.com\/DroitdeRegard\/wp-content\/uploads\/2025\/08\/image00000011.jpg\"><div class=\"artist-card__label\"><span class=\"artist-card__name\">ARTERO<\/span><\/div><\/div><\/a><\/article><article class=\"artist-card\"><a class=\"artist-card__link\" href=\"https:\/\/soleildart.com\/DroitdeRegard\/artistes\/barillot\/\"><div class=\"artist-card__thumb\"><img data-opt-id=1460060566  data-opt-src=\"https:\/\/mlxksb6imcm7.i.optimole.com\/w:auto\/h:auto\/q:mauto\/ig:avif\/https:\/\/soleildart.com\/DroitdeRegard\/wp-content\/uploads\/2025\/08\/LES-VIEUX-GROGNARDS-40F.jpg\"  class=\"img-ref lws-optimize-lazyload\"  alt=\"Pierre BARILLOT\" loading=\"lazy\" decoding=\"async\" \/ data-src=\"https:\/\/mlxksb6imcm7.i.optimole.com\/w:auto\/h:auto\/q:mauto\/ig:avif\/https:\/\/soleildart.com\/DroitdeRegard\/wp-content\/uploads\/2025\/08\/LES-VIEUX-GROGNARDS-40F.jpg\"><img data-opt-id=1777952515  data-opt-src=\"https:\/\/mlxksb6imcm7.i.optimole.com\/w:auto\/h:auto\/q:mauto\/ig:avif\/https:\/\/soleildart.com\/DroitdeRegard\/wp-content\/uploads\/2025\/08\/barillot.jpg\"  class=\"img-face lws-optimize-lazyload\"  alt=\"\" loading=\"lazy\" decoding=\"async\" \/ data-src=\"https:\/\/mlxksb6imcm7.i.optimole.com\/w:auto\/h:auto\/q:mauto\/ig:avif\/https:\/\/soleildart.com\/DroitdeRegard\/wp-content\/uploads\/2025\/08\/barillot.jpg\"><div class=\"artist-card__label\"><span class=\"artist-card__name\">Pierre BARILLOT<\/span><\/div><\/div><\/a><\/article><article class=\"artist-card\"><a class=\"artist-card__link\" href=\"https:\/\/soleildart.com\/DroitdeRegard\/artistes\/ciceri\/\"><div class=\"artist-card__thumb\"><img data-opt-id=1687509036  data-opt-src=\"https:\/\/mlxksb6imcm7.i.optimole.com\/w:auto\/h:auto\/q:mauto\/ig:avif\/https:\/\/soleildart.com\/DroitdeRegard\/wp-content\/uploads\/2025\/07\/N-1992-PHOTO.jpg\"  class=\"img-ref lws-optimize-lazyload\"  alt=\"CICERI\" loading=\"lazy\" decoding=\"async\" \/ data-src=\"https:\/\/mlxksb6imcm7.i.optimole.com\/w:auto\/h:auto\/q:mauto\/ig:avif\/https:\/\/soleildart.com\/DroitdeRegard\/wp-content\/uploads\/2025\/07\/N-1992-PHOTO.jpg\"><div class=\"artist-card__label\"><span class=\"artist-card__name\">CICERI<\/span><\/div><\/div><\/a><\/article><article class=\"artist-card\"><a class=\"artist-card__link\" href=\"https:\/\/soleildart.com\/DroitdeRegard\/artistes\/corominas\/\"><div class=\"artist-card__thumb\"><img data-opt-id=939263254  data-opt-src=\"https:\/\/mlxksb6imcm7.i.optimole.com\/w:auto\/h:auto\/q:mauto\/ig:avif\/https:\/\/soleildart.com\/DroitdeRegard\/wp-content\/uploads\/2025\/08\/Corominas-11.45_chevaux_de_constantinople_60F.jpg\"  class=\"img-ref lws-optimize-lazyload\"  alt=\"Georges COROMINAS\" loading=\"lazy\" decoding=\"async\" \/ data-src=\"https:\/\/mlxksb6imcm7.i.optimole.com\/w:auto\/h:auto\/q:mauto\/ig:avif\/https:\/\/soleildart.com\/DroitdeRegard\/wp-content\/uploads\/2025\/08\/Corominas-11.45_chevaux_de_constantinople_60F.jpg\"><img data-opt-id=1418748107  data-opt-src=\"https:\/\/mlxksb6imcm7.i.optimole.com\/w:auto\/h:auto\/q:mauto\/ig:avif\/https:\/\/soleildart.com\/DroitdeRegard\/wp-content\/uploads\/2025\/08\/Portrait-Corominas.jpg\"  class=\"img-face lws-optimize-lazyload\"  alt=\"\" loading=\"lazy\" decoding=\"async\" \/ data-src=\"https:\/\/mlxksb6imcm7.i.optimole.com\/w:auto\/h:auto\/q:mauto\/ig:avif\/https:\/\/soleildart.com\/DroitdeRegard\/wp-content\/uploads\/2025\/08\/Portrait-Corominas.jpg\"><div class=\"artist-card__label\"><span class=\"artist-card__name\">Georges COROMINAS<\/span><\/div><\/div><\/a><\/article><article class=\"artist-card\"><a class=\"artist-card__link\" href=\"https:\/\/soleildart.com\/DroitdeRegard\/artistes\/faucher\/\"><div class=\"artist-card__thumb\"><img data-opt-id=542552121  data-opt-src=\"https:\/\/mlxksb6imcm7.i.optimole.com\/w:auto\/h:auto\/q:mauto\/ig:avif\/https:\/\/soleildart.com\/DroitdeRegard\/wp-content\/uploads\/2025\/08\/FAUCHER-La-fete-91x122-1.jpeg\"  class=\"img-ref lws-optimize-lazyload\"  alt=\"Fran\u00e7ois FAUCHER\" loading=\"lazy\" decoding=\"async\" \/ data-src=\"https:\/\/mlxksb6imcm7.i.optimole.com\/w:auto\/h:auto\/q:mauto\/ig:avif\/https:\/\/soleildart.com\/DroitdeRegard\/wp-content\/uploads\/2025\/08\/FAUCHER-La-fete-91x122-1.jpeg\"><img data-opt-id=311046743  data-opt-src=\"https:\/\/mlxksb6imcm7.i.optimole.com\/w:auto\/h:auto\/q:mauto\/ig:avif\/https:\/\/soleildart.com\/DroitdeRegard\/wp-content\/uploads\/2025\/08\/faucher-portrait.jpg\"  class=\"img-face lws-optimize-lazyload\"  alt=\"\" loading=\"lazy\" decoding=\"async\" \/ data-src=\"https:\/\/mlxksb6imcm7.i.optimole.com\/w:auto\/h:auto\/q:mauto\/ig:avif\/https:\/\/soleildart.com\/DroitdeRegard\/wp-content\/uploads\/2025\/08\/faucher-portrait.jpg\"><div class=\"artist-card__label\"><span class=\"artist-card__name\">Fran\u00e7ois FAUCHER<\/span><\/div><\/div><\/a><\/article><article class=\"artist-card\"><a class=\"artist-card__link\" href=\"https:\/\/soleildart.com\/DroitdeRegard\/artistes\/grassi\/\"><div class=\"artist-card__thumb\"><img data-opt-id=1801388180  data-opt-src=\"https:\/\/mlxksb6imcm7.i.optimole.com\/w:auto\/h:auto\/q:mauto\/ig:avif\/https:\/\/soleildart.com\/DroitdeRegard\/wp-content\/uploads\/2025\/07\/marco-grassi-experience.jpg\"  class=\"img-ref lws-optimize-lazyload\"  alt=\"Marco GRASSI\" loading=\"lazy\" decoding=\"async\" \/ data-src=\"https:\/\/mlxksb6imcm7.i.optimole.com\/w:auto\/h:auto\/q:mauto\/ig:avif\/https:\/\/soleildart.com\/DroitdeRegard\/wp-content\/uploads\/2025\/07\/marco-grassi-experience.jpg\"><img data-opt-id=61690055  data-opt-src=\"https:\/\/mlxksb6imcm7.i.optimole.com\/w:auto\/h:auto\/q:mauto\/ig:avif\/https:\/\/soleildart.com\/DroitdeRegard\/wp-content\/uploads\/2025\/07\/Umberto.jpg\"  class=\"img-face lws-optimize-lazyload\"  alt=\"\" loading=\"lazy\" decoding=\"async\" \/ data-src=\"https:\/\/mlxksb6imcm7.i.optimole.com\/w:auto\/h:auto\/q:mauto\/ig:avif\/https:\/\/soleildart.com\/DroitdeRegard\/wp-content\/uploads\/2025\/07\/Umberto.jpg\"><div class=\"artist-card__label\"><span class=\"artist-card__name\">Marco GRASSI<\/span><\/div><\/div><\/a><\/article><article class=\"artist-card\"><a class=\"artist-card__link\" href=\"https:\/\/soleildart.com\/DroitdeRegard\/artistes\/kandl\/\"><div class=\"artist-card__thumb\"><img data-opt-id=1006892925  data-opt-src=\"https:\/\/mlxksb6imcm7.i.optimole.com\/w:auto\/h:auto\/q:mauto\/ig:avif\/https:\/\/soleildart.com\/DroitdeRegard\/wp-content\/uploads\/2025\/08\/Kandl-Les-2-coqs-73x92cm-L-VII-F12.png\"  class=\"img-ref lws-optimize-lazyload\"  alt=\"Lukas KANDL\" loading=\"lazy\" decoding=\"async\" \/ data-src=\"https:\/\/mlxksb6imcm7.i.optimole.com\/w:auto\/h:auto\/q:mauto\/ig:avif\/https:\/\/soleildart.com\/DroitdeRegard\/wp-content\/uploads\/2025\/08\/Kandl-Les-2-coqs-73x92cm-L-VII-F12.png\"><img data-opt-id=203635515  data-opt-src=\"https:\/\/mlxksb6imcm7.i.optimole.com\/w:auto\/h:auto\/q:mauto\/ig:avif\/https:\/\/soleildart.com\/DroitdeRegard\/wp-content\/uploads\/2025\/08\/photo-kandl.jpg\"  class=\"img-face lws-optimize-lazyload\"  alt=\"\" loading=\"lazy\" decoding=\"async\" \/ data-src=\"https:\/\/mlxksb6imcm7.i.optimole.com\/w:auto\/h:auto\/q:mauto\/ig:avif\/https:\/\/soleildart.com\/DroitdeRegard\/wp-content\/uploads\/2025\/08\/photo-kandl.jpg\"><div class=\"artist-card__label\"><span class=\"artist-card__name\">Lukas KANDL<\/span><\/div><\/div><\/a><\/article><article class=\"artist-card\"><a class=\"artist-card__link\" href=\"https:\/\/soleildart.com\/DroitdeRegard\/artistes\/korn\/\"><div class=\"artist-card__thumb\"><img data-opt-id=1687509036  data-opt-src=\"https:\/\/mlxksb6imcm7.i.optimole.com\/w:auto\/h:auto\/q:mauto\/ig:avif\/https:\/\/soleildart.com\/DroitdeRegard\/wp-content\/uploads\/2025\/07\/N-1992-PHOTO.jpg\"  class=\"img-ref lws-optimize-lazyload\"  alt=\"Diana KORN\" loading=\"lazy\" decoding=\"async\" \/ data-src=\"https:\/\/mlxksb6imcm7.i.optimole.com\/w:auto\/h:auto\/q:mauto\/ig:avif\/https:\/\/soleildart.com\/DroitdeRegard\/wp-content\/uploads\/2025\/07\/N-1992-PHOTO.jpg\"><img data-opt-id=1750747692  data-opt-src=\"https:\/\/mlxksb6imcm7.i.optimole.com\/w:auto\/h:auto\/q:mauto\/ig:avif\/https:\/\/soleildart.com\/DroitdeRegard\/wp-content\/uploads\/2025\/07\/diana-korn.jpg\"  class=\"img-face lws-optimize-lazyload\"  alt=\"\" loading=\"lazy\" decoding=\"async\" \/ data-src=\"https:\/\/mlxksb6imcm7.i.optimole.com\/w:auto\/h:auto\/q:mauto\/ig:avif\/https:\/\/soleildart.com\/DroitdeRegard\/wp-content\/uploads\/2025\/07\/diana-korn.jpg\"><div class=\"artist-card__label\"><span class=\"artist-card__name\">Diana KORN<\/span><\/div><\/div><\/a><\/article><article class=\"artist-card\"><a class=\"artist-card__link\" href=\"https:\/\/soleildart.com\/DroitdeRegard\/artistes\/trabys\/\"><div class=\"artist-card__thumb\"><img data-opt-id=738444232  data-opt-src=\"https:\/\/mlxksb6imcm7.i.optimole.com\/w:auto\/h:auto\/q:mauto\/ig:avif\/https:\/\/soleildart.com\/DroitdeRegard\/wp-content\/uploads\/2025\/08\/Trabys-Traces-100x80-2014.jpeg\"  class=\"img-ref lws-optimize-lazyload\"  alt=\"Marc Trabys\" loading=\"lazy\" decoding=\"async\" \/ data-src=\"https:\/\/mlxksb6imcm7.i.optimole.com\/w:auto\/h:auto\/q:mauto\/ig:avif\/https:\/\/soleildart.com\/DroitdeRegard\/wp-content\/uploads\/2025\/08\/Trabys-Traces-100x80-2014.jpeg\"><img data-opt-id=1667866255  data-opt-src=\"https:\/\/mlxksb6imcm7.i.optimole.com\/w:auto\/h:auto\/q:mauto\/ig:avif\/https:\/\/soleildart.com\/DroitdeRegard\/wp-content\/uploads\/2025\/08\/Portrait-trabys.jpg\"  class=\"img-face lws-optimize-lazyload\"  alt=\"\" loading=\"lazy\" decoding=\"async\" \/ data-src=\"https:\/\/mlxksb6imcm7.i.optimole.com\/w:auto\/h:auto\/q:mauto\/ig:avif\/https:\/\/soleildart.com\/DroitdeRegard\/wp-content\/uploads\/2025\/08\/Portrait-trabys.jpg\"><div class=\"artist-card__label\"><span class=\"artist-card__name\">Marc Trabys<\/span><\/div><\/div><\/a><\/article><\/div>            <\/div>\n        <\/div>\n        \n\n<\/div>\n\t\t\t\t\t\t<\/div>\n\t\t\t\t<\/div>\n\t\t\t\t<\/div>\n\t\t","protected":false},"excerpt":{"rendered":"<p>Les Artistes Chez nous, l\u2019art bat au rythme des talents iconiques et des p\u00e9pites \u00e9mergentes. Peinture, sculpture, \u2026 Notre s\u00e9lection d&rsquo;artistes, vous transporte \u00e0 travers des mouvements audacieux et reconnus.Chaque \u0153uvre raconte une histoire, provoque une \u00e9motion, et s\u2019impose comme une pi\u00e8ce ma\u00eetresse pour votre collection.<\/p>\n","protected":false},"author":1,"featured_media":0,"parent":0,"menu_order":0,"comment_status":"closed","ping_status":"closed","template":"elementor_header_footer","meta":{"_acf_changed":false,"footnotes":""},"my-style":[],"class_list":["post-2415","page","type-page","status-publish","hentry"],"acf":[],"_links":{"self":[{"href":"https:\/\/soleildart.com\/DroitdeRegard\/wp-json\/wp\/v2\/pages\/2415","targetHints":{"allow":["GET"]}}],"collection":[{"href":"https:\/\/soleildart.com\/DroitdeRegard\/wp-json\/wp\/v2\/pages"}],"about":[{"href":"https:\/\/soleildart.com\/DroitdeRegard\/wp-json\/wp\/v2\/types\/page"}],"author":[{"embeddable":true,"href":"https:\/\/soleildart.com\/DroitdeRegard\/wp-json\/wp\/v2\/users\/1"}],"replies":[{"embeddable":true,"href":"https:\/\/soleildart.com\/DroitdeRegard\/wp-json\/wp\/v2\/comments?post=2415"}],"version-history":[{"count":6,"href":"https:\/\/soleildart.com\/DroitdeRegard\/wp-json\/wp\/v2\/pages\/2415\/revisions"}],"predecessor-version":[{"id":4803,"href":"https:\/\/soleildart.com\/DroitdeRegard\/wp-json\/wp\/v2\/pages\/2415\/revisions\/4803"}],"wp:attachment":[{"href":"https:\/\/soleildart.com\/DroitdeRegard\/wp-json\/wp\/v2\/media?parent=2415"}],"wp:term":[{"taxonomy":"my-style","embeddable":true,"href":"https:\/\/soleildart.com\/DroitdeRegard\/wp-json\/wp\/v2\/my-style?post=2415"}],"curies":[{"name":"wp","href":"https:\/\/api.w.org\/{rel}","templated":true}]}}